{"id":100,"date":"2025-12-09T16:53:31","date_gmt":"2025-12-09T13:53:31","guid":{"rendered":"https:\/\/gocekdeniztaxi.com\/?page_id=100"},"modified":"2025-12-16T16:37:07","modified_gmt":"2025-12-16T13:37:07","slug":"gocek-adalar","status":"publish","type":"page","link":"https:\/\/gocekdeniztaxi.com\/index.php\/gocek-adalar\/","title":{"rendered":"G\u00d6CEK ADALAR"},"content":{"rendered":"\n<p>G\u00f6cek toplamda 12 adadan olu\u015fan denizi ye\u015fili ve harika koylar\u0131 ile d\u00fcnya harikas\u0131 bir yerdir .<\/p>\n\n\n\n<p>e\u015fsiz do\u011fal g\u00fczelliklerinin yan\u0131nda adalarda muhte\u015fem lezzetleri tadabilece\u011finiz restorantlar bulunmaktad\u0131r.<\/p>\n\n\n\n<figure class=\"wp-block-gallery has-nested-images columns-default is-cropped wp-block-gallery-1 is-layout-flex wp-block-gallery-is-layout-flex\">\n<figure class=\"wp-block-image size-large\"><img loading=\"lazy\" decoding=\"async\" width=\"768\" height=\"1024\" data-id=\"75\" src=\"https:\/\/gocekdeniztaxi.com\/wp-content\/uploads\/2023\/05\/20220911_181609-768x1024.jpg\" alt=\"\" class=\"wp-image-75\" srcset=\"https:\/\/gocekdeniztaxi.com\/wp-content\/uploads\/2023\/05\/20220911_181609-768x1024.jpg 768w, https:\/\/gocekdeniztaxi.com\/wp-content\/uploads\/2023\/05\/20220911_181609-225x300.jpg 225w, https:\/\/gocekdeniztaxi.com\/wp-content\/uploads\/2023\/05\/20220911_181609-1152x1536.jpg 1152w, https:\/\/gocekdeniztaxi.com\/wp-content\/uploads\/2023\/05\/20220911_181609-1536x2048.jpg 1536w, https:\/\/gocekdeniztaxi.com\/wp-content\/uploads\/2023\/05\/20220911_181609-scaled.jpg 1920w\" sizes=\"auto, (max-width: 768px) 100vw, 768px\" \/><\/figure>\n\n\n\n<figure class=\"wp-block-image size-large\"><img loading=\"lazy\" decoding=\"async\" width=\"1024\" height=\"768\" data-id=\"73\" src=\"https:\/\/gocekdeniztaxi.com\/wp-content\/uploads\/2023\/05\/20180826_124053-1024x768.jpg\" alt=\"\" class=\"wp-image-73\" srcset=\"https:\/\/gocekdeniztaxi.com\/wp-content\/uploads\/2023\/05\/20180826_124053-1024x768.jpg 1024w, https:\/\/gocekdeniztaxi.com\/wp-content\/uploads\/2023\/05\/20180826_124053-300x225.jpg 300w, https:\/\/gocekdeniztaxi.com\/wp-content\/uploads\/2023\/05\/20180826_124053-768x576.jpg 768w, https:\/\/gocekdeniztaxi.com\/wp-content\/uploads\/2023\/05\/20180826_124053-1536x1152.jpg 1536w, https:\/\/gocekdeniztaxi.com\/wp-content\/uploads\/2023\/05\/20180826_124053-2048x1536.jpg 2048w\" sizes=\"auto, (max-width: 1024px) 100vw, 1024px\" \/><\/figure>\n\n\n\n<figure class=\"wp-block-image size-large\"><img loading=\"lazy\" decoding=\"async\" width=\"1024\" height=\"683\" data-id=\"56\" src=\"https:\/\/gocekdeniztaxi.com\/wp-content\/uploads\/2023\/04\/IMG-20210823-WA0000.jpg\" alt=\"\" class=\"wp-image-56\" srcset=\"https:\/\/gocekdeniztaxi.com\/wp-content\/uploads\/2023\/04\/IMG-20210823-WA0000.jpg 1024w, https:\/\/gocekdeniztaxi.com\/wp-content\/uploads\/2023\/04\/IMG-20210823-WA0000-300x200.jpg 300w, https:\/\/gocekdeniztaxi.com\/wp-content\/uploads\/2023\/04\/IMG-20210823-WA0000-768x512.jpg 768w\" sizes=\"auto, (max-width: 1024px) 100vw, 1024px\" \/><\/figure>\n\n\n\n<figure class=\"wp-block-image size-large\"><img loading=\"lazy\" decoding=\"async\" width=\"1024\" height=\"768\" data-id=\"71\" src=\"https:\/\/gocekdeniztaxi.com\/wp-content\/uploads\/2023\/05\/20180826_115555-1024x768.jpg\" alt=\"\" class=\"wp-image-71\" srcset=\"https:\/\/gocekdeniztaxi.com\/wp-content\/uploads\/2023\/05\/20180826_115555-1024x768.jpg 1024w, https:\/\/gocekdeniztaxi.com\/wp-content\/uploads\/2023\/05\/20180826_115555-300x225.jpg 300w, https:\/\/gocekdeniztaxi.com\/wp-content\/uploads\/2023\/05\/20180826_115555-768x576.jpg 768w, https:\/\/gocekdeniztaxi.com\/wp-content\/uploads\/2023\/05\/20180826_115555-1536x1152.jpg 1536w, https:\/\/gocekdeniztaxi.com\/wp-content\/uploads\/2023\/05\/20180826_115555-2048x1536.jpg 2048w\" sizes=\"auto, (max-width: 1024px) 100vw, 1024px\" \/><\/figure>\n\n\n\n<figure class=\"wp-block-image size-large\"><img loading=\"lazy\" decoding=\"async\" width=\"768\" height=\"1024\" data-id=\"72\" src=\"https:\/\/gocekdeniztaxi.com\/wp-content\/uploads\/2023\/05\/20180826_120102-768x1024.jpg\" alt=\"\" class=\"wp-image-72\" srcset=\"https:\/\/gocekdeniztaxi.com\/wp-content\/uploads\/2023\/05\/20180826_120102-768x1024.jpg 768w, https:\/\/gocekdeniztaxi.com\/wp-content\/uploads\/2023\/05\/20180826_120102-225x300.jpg 225w, https:\/\/gocekdeniztaxi.com\/wp-content\/uploads\/2023\/05\/20180826_120102-1152x1536.jpg 1152w, https:\/\/gocekdeniztaxi.com\/wp-content\/uploads\/2023\/05\/20180826_120102-1536x2048.jpg 1536w, https:\/\/gocekdeniztaxi.com\/wp-content\/uploads\/2023\/05\/20180826_120102-scaled.jpg 1920w\" sizes=\"auto, (max-width: 768px) 100vw, 768px\" \/><figcaption class=\"wp-element-caption\">g\u00f6cek adalar<\/figcaption><\/figure>\n<\/figure>\n\n\n\n<p class=\"has-cyan-bluish-gray-color has-white-background-color has-text-color has-background has-link-color has-large-font-size wp-elements-55749bb904d0a1f9a46004daf41cb4f3\"><\/p>\n","protected":false},"excerpt":{"rendered":"<p>G\u00f6cek toplamda 12 adadan olu\u015fan denizi ye\u015fili ve harika koylar\u0131 ile d\u00fcnya harikas\u0131 bir yerdir . e\u015fsiz do\u011fal g\u00fczelliklerinin yan\u0131nda [&hellip;]<\/p>\n","protected":false},"author":1,"featured_media":76,"parent":0,"menu_order":0,"comment_status":"closed","ping_status":"closed","template":"","meta":{"site-sidebar-layout":"default","site-content-layout":"","ast-site-content-layout":"default","site-content-style":"default","site-sidebar-style":"default","ast-global-header-display":"","ast-banner-title-visibility":"","ast-main-header-display":"","ast-hfb-above-header-display":"","ast-hfb-below-header-display":"","ast-hfb-mobile-header-display":"","site-post-title":"","ast-breadcrumbs-content":"","ast-featured-img":"","footer-sml-layout":"","ast-disable-related-posts":"","theme-transparent-header-meta":"","adv-header-id-meta":"","stick-header-meta":"","header-above-stick-meta":"","header-main-stick-meta":"","header-below-stick-meta":"","astra-migrate-meta-layouts":"default","ast-page-background-enabled":"default","ast-page-background-meta":{"desktop":{"background-color":"var(--ast-global-color-5)","background-image":"","background-repeat":"repeat","background-position":"center center","background-size":"auto","background-attachment":"scroll","background-type":"","background-media":"","overlay-type":"","overlay-color":"","overlay-opacity":"","overlay-gradient":""},"tablet":{"background-color":"","background-image":"","background-repeat":"repeat","background-position":"center center","background-size":"auto","background-attachment":"scroll","background-type":"","background-media":"","overlay-type":"","overlay-color":"","overlay-opacity":"","overlay-gradient":""},"mobile":{"background-color":"","background-image":"","background-repeat":"repeat","background-position":"center center","background-size":"auto","background-attachment":"scroll","background-type":"","background-media":"","overlay-type":"","overlay-color":"","overlay-opacity":"","overlay-gradient":""}},"ast-content-background-meta":{"desktop":{"background-color":"var(--ast-global-color-4)","background-image":"","background-repeat":"repeat","background-position":"center center","background-size":"auto","background-attachment":"scroll","background-type":"","background-media":"","overlay-type":"","overlay-color":"","overlay-opacity":"","overlay-gradient":""},"tablet":{"background-color":"var(--ast-global-color-4)","background-image":"","background-repeat":"repeat","background-position":"center center","background-size":"auto","background-attachment":"scroll","background-type":"","background-media":"","overlay-type":"","overlay-color":"","overlay-opacity":"","overlay-gradient":""},"mobile":{"background-color":"var(--ast-global-color-4)","background-image":"","background-repeat":"repeat","background-position":"center center","background-size":"auto","background-attachment":"scroll","background-type":"","background-media":"","overlay-type":"","overlay-color":"","overlay-opacity":"","overlay-gradient":""}},"footnotes":""},"class_list":["post-100","page","type-page","status-publish","has-post-thumbnail","hentry"],"aioseo_notices":[],"_links":{"self":[{"href":"https:\/\/gocekdeniztaxi.com\/index.php\/wp-json\/wp\/v2\/pages\/100","targetHints":{"allow":["GET"]}}],"collection":[{"href":"https:\/\/gocekdeniztaxi.com\/index.php\/wp-json\/wp\/v2\/pages"}],"about":[{"href":"https:\/\/gocekdeniztaxi.com\/index.php\/wp-json\/wp\/v2\/types\/page"}],"author":[{"embeddable":true,"href":"https:\/\/gocekdeniztaxi.com\/index.php\/wp-json\/wp\/v2\/users\/1"}],"replies":[{"embeddable":true,"href":"https:\/\/gocekdeniztaxi.com\/index.php\/wp-json\/wp\/v2\/comments?post=100"}],"version-history":[{"count":4,"href":"https:\/\/gocekdeniztaxi.com\/index.php\/wp-json\/wp\/v2\/pages\/100\/revisions"}],"predecessor-version":[{"id":148,"href":"https:\/\/gocekdeniztaxi.com\/index.php\/wp-json\/wp\/v2\/pages\/100\/revisions\/148"}],"wp:featuredmedia":[{"embeddable":true,"href":"https:\/\/gocekdeniztaxi.com\/index.php\/wp-json\/wp\/v2\/media\/76"}],"wp:attachment":[{"href":"https:\/\/gocekdeniztaxi.com\/index.php\/wp-json\/wp\/v2\/media?parent=100"}],"curies":[{"name":"wp","href":"https:\/\/api.w.org\/{rel}","templated":true}]}}